{"id":13,"date":"2025-12-20T01:14:50","date_gmt":"2025-12-20T01:14:50","guid":{"rendered":"http:\/\/helvetcontrol.ch\/?page_id=13"},"modified":"2026-03-03T01:35:53","modified_gmt":"2026-03-03T01:35:53","slug":"a-propos","status":"publish","type":"page","link":"https:\/\/helvetcontrol.ch\/en\/a-propos\/","title":{"rendered":"About"},"content":{"rendered":"<section class=\"wp-block-group about\"><div class=\"wp-block-group__inner-container is-layout-constrained wp-block-group-is-layout-constrained\">\n<div class=\"wp-block-group wrapper reveal\"><div class=\"wp-block-group__inner-container is-layout-constrained wp-block-group-is-layout-constrained\">\n<div class=\"wp-block-group subtitle\"><div class=\"wp-block-group__inner-container is-layout-constrained wp-block-group-is-layout-constrained\">\n<h2 class=\"wp-block-heading\">En savoir plus \u00e0 propos de nous et de nos contr\u00f4les OIBT<\/h2>\n<\/div><\/div>\n<\/div><\/div>\n\n\n\n<div class=\"wp-block-group about__list\"><div class=\"wp-block-group__inner-container is-layout-constrained wp-block-group-is-layout-constrained\">\n<div class=\"wp-block-group about__item reveal\"><div class=\"wp-block-group__inner-container is-layout-constrained wp-block-group-is-layout-constrained\">\n<div class=\"wp-block-group about__content\"><div class=\"wp-block-group__inner-container is-layout-constrained wp-block-group-is-layout-constrained\">\n<h2 class=\"wp-block-heading\">Qui sommes-nous ?<\/h2>\n\n\n\n<p>Helvetcontrol SA, c\u2019est avant tout une \u00e9quipe passionn\u00e9e, anim\u00e9e par l\u2019envie de faire la diff\u00e9rence dans le domaine \u00e9lectrique et du contr\u00f4le OIBT. Forts de plus de 13 ans d\u2019exp\u00e9rience combin\u00e9e, nous avons b\u00e2ti notre entreprise sur trois piliers essentiels : l\u2019humain, la personnalisation et l\u2019efficacit\u00e9. Nous croyons qu\u2019un contr\u00f4le ne doit pas \u00eatre une simple formalit\u00e9, mais un service de confiance qui contribue \u00e0 la s\u00e9curit\u00e9 et \u00e0 la s\u00e9r\u00e9nit\u00e9 de chacun de nos clients.<\/p>\n<\/div><\/div>\n\n\n\n<div class=\"wp-block-group about__img\"><div class=\"wp-block-group__inner-container is-layout-constrained wp-block-group-is-layout-constrained\">\n<figure class=\"wp-block-image size-large\"><img loading=\"lazy\" decoding=\"async\" width=\"1024\" height=\"576\" src=\"http:\/\/helvetcontrol.ch\/wp-content\/uploads\/2025\/12\/helvetcontrolsa-img-1024x576.webp\" alt=\"Helvetcontrol Contr\u00f4les OIBT back sweater with logo\" class=\"wp-image-47\" srcset=\"https:\/\/helvetcontrol.ch\/wp-content\/uploads\/2025\/12\/helvetcontrolsa-img-1024x576.webp 1024w, https:\/\/helvetcontrol.ch\/wp-content\/uploads\/2025\/12\/helvetcontrolsa-img-300x169.webp 300w, https:\/\/helvetcontrol.ch\/wp-content\/uploads\/2025\/12\/helvetcontrolsa-img-768x432.webp 768w, https:\/\/helvetcontrol.ch\/wp-content\/uploads\/2025\/12\/helvetcontrolsa-img-1536x864.webp 1536w, https:\/\/helvetcontrol.ch\/wp-content\/uploads\/2025\/12\/helvetcontrolsa-img-2048x1152.webp 2048w\" sizes=\"auto, (max-width: 1024px) 100vw, 1024px\" \/><\/figure>\n<\/div><\/div>\n<\/div><\/div>\n\n\n\n<div class=\"wp-block-group delimitation-block reveal\"><div class=\"wp-block-group__inner-container is-layout-constrained wp-block-group-is-layout-constrained\"><\/div><\/div>\n\n\n\n<div class=\"wp-block-group about__item reveal\"><div class=\"wp-block-group__inner-container is-layout-constrained wp-block-group-is-layout-constrained\">\n<div class=\"wp-block-group about__img\"><div class=\"wp-block-group__inner-container is-layout-constrained wp-block-group-is-layout-constrained\">\n<figure class=\"wp-block-image size-large\"><img loading=\"lazy\" decoding=\"async\" width=\"1024\" height=\"576\" src=\"http:\/\/helvetcontrol.ch\/wp-content\/uploads\/2025\/12\/helvetcontrolsa-img-1024x576.webp\" alt=\"Helvetcontrol Contr\u00f4les OIBT back sweater with logo\" class=\"wp-image-47\" srcset=\"https:\/\/helvetcontrol.ch\/wp-content\/uploads\/2025\/12\/helvetcontrolsa-img-1024x576.webp 1024w, https:\/\/helvetcontrol.ch\/wp-content\/uploads\/2025\/12\/helvetcontrolsa-img-300x169.webp 300w, https:\/\/helvetcontrol.ch\/wp-content\/uploads\/2025\/12\/helvetcontrolsa-img-768x432.webp 768w, https:\/\/helvetcontrol.ch\/wp-content\/uploads\/2025\/12\/helvetcontrolsa-img-1536x864.webp 1536w, https:\/\/helvetcontrol.ch\/wp-content\/uploads\/2025\/12\/helvetcontrolsa-img-2048x1152.webp 2048w\" sizes=\"auto, (max-width: 1024px) 100vw, 1024px\" \/><\/figure>\n<\/div><\/div>\n\n\n\n<div class=\"wp-block-group about__content\"><div class=\"wp-block-group__inner-container is-layout-constrained wp-block-group-is-layout-constrained\">\n<h2 class=\"wp-block-heading\">Notre mission<\/h2>\n\n\n\n<p>Garantir votre s\u00e9curit\u00e9 et votre tranquillit\u00e9 d\u2019esprit est notre mission. Chaque client est unique, avec des besoins sp\u00e9cifiques et des attentes particuli\u00e8res. C\u2019est pourquoi nous proposons des contr\u00f4les et expertises \u00e9lectriques sur mesure, r\u00e9alis\u00e9s avec une grande rigueur et dans des d\u00e9lais rapides. Nous nous engageons \u00e0 offrir non seulement un service technique de qualit\u00e9, mais aussi un accompagnement personnalis\u00e9 \u00e0 chaque \u00e9tape.<\/p>\n<\/div><\/div>\n<\/div><\/div>\n\n\n\n<div class=\"wp-block-group delimitation-block reveal\"><div class=\"wp-block-group__inner-container is-layout-constrained wp-block-group-is-layout-constrained\"><\/div><\/div>\n\n\n\n<div class=\"wp-block-group about__item reveal\"><div class=\"wp-block-group__inner-container is-layout-constrained wp-block-group-is-layout-constrained\">\n<div class=\"wp-block-group about__content\"><div class=\"wp-block-group__inner-container is-layout-constrained wp-block-group-is-layout-constrained\">\n<h2 class=\"wp-block-heading\">Expertise Avanc\u00e9e<\/h2>\n\n\n\n<p>Notre savoir-faire repose sur une \u00e9quipe de contr\u00f4leurs hautement qualifi\u00e9s, tous titulaires de brevets f\u00e9d\u00e9raux. Cette comp\u00e9tence reconnue nous permet d\u2019intervenir avec la plus grande pr\u00e9cision et de r\u00e9pondre aux exigences les plus strictes du secteur.<\/p>\n\n\n\n<p>Nous b\u00e9n\u00e9ficions \u00e9galement de l\u2019autorisation officielle de l\u2019Inspection F\u00e9d\u00e9rale ESTI, gage de s\u00e9rieux et de conformit\u00e9. Gr\u00e2ce \u00e0 cette expertise, nous garantissons des services fiables, conformes aux normes nationales et internationales en mati\u00e8re de s\u00e9curit\u00e9 \u00e9lectrique.<\/p>\n<\/div><\/div>\n\n\n\n<div class=\"wp-block-group about__img\"><div class=\"wp-block-group__inner-container is-layout-constrained wp-block-group-is-layout-constrained\">\n<figure class=\"wp-block-image size-large\"><img loading=\"lazy\" decoding=\"async\" width=\"1024\" height=\"576\" src=\"http:\/\/helvetcontrol.ch\/wp-content\/uploads\/2025\/12\/helvetcontrolsa-img-1024x576.webp\" alt=\"Helvetcontrol Contr\u00f4les OIBT back sweater with logo\" class=\"wp-image-47\" srcset=\"https:\/\/helvetcontrol.ch\/wp-content\/uploads\/2025\/12\/helvetcontrolsa-img-1024x576.webp 1024w, https:\/\/helvetcontrol.ch\/wp-content\/uploads\/2025\/12\/helvetcontrolsa-img-300x169.webp 300w, https:\/\/helvetcontrol.ch\/wp-content\/uploads\/2025\/12\/helvetcontrolsa-img-768x432.webp 768w, https:\/\/helvetcontrol.ch\/wp-content\/uploads\/2025\/12\/helvetcontrolsa-img-1536x864.webp 1536w, https:\/\/helvetcontrol.ch\/wp-content\/uploads\/2025\/12\/helvetcontrolsa-img-2048x1152.webp 2048w\" sizes=\"auto, (max-width: 1024px) 100vw, 1024px\" \/><\/figure>\n<\/div><\/div>\n<\/div><\/div>\n\n\n\n<div class=\"wp-block-group delimitation-block reveal\"><div class=\"wp-block-group__inner-container is-layout-constrained wp-block-group-is-layout-constrained\"><\/div><\/div>\n\n\n\n<div class=\"wp-block-group about__item reveal\"><div class=\"wp-block-group__inner-container is-layout-constrained wp-block-group-is-layout-constrained\">\n<div class=\"wp-block-group about__img\"><div class=\"wp-block-group__inner-container is-layout-constrained wp-block-group-is-layout-constrained\">\n<figure class=\"wp-block-image size-large\"><img loading=\"lazy\" decoding=\"async\" width=\"1024\" height=\"576\" src=\"http:\/\/helvetcontrol.ch\/wp-content\/uploads\/2025\/12\/helvetcontrolsa-img-1024x576.webp\" alt=\"Helvetcontrol back sweater with logo\" class=\"wp-image-47\" srcset=\"https:\/\/helvetcontrol.ch\/wp-content\/uploads\/2025\/12\/helvetcontrolsa-img-1024x576.webp 1024w, https:\/\/helvetcontrol.ch\/wp-content\/uploads\/2025\/12\/helvetcontrolsa-img-300x169.webp 300w, https:\/\/helvetcontrol.ch\/wp-content\/uploads\/2025\/12\/helvetcontrolsa-img-768x432.webp 768w, https:\/\/helvetcontrol.ch\/wp-content\/uploads\/2025\/12\/helvetcontrolsa-img-1536x864.webp 1536w, https:\/\/helvetcontrol.ch\/wp-content\/uploads\/2025\/12\/helvetcontrolsa-img-2048x1152.webp 2048w\" sizes=\"auto, (max-width: 1024px) 100vw, 1024px\" \/><\/figure>\n<\/div><\/div>\n\n\n\n<div class=\"wp-block-group about__content\"><div class=\"wp-block-group__inner-container is-layout-constrained wp-block-group-is-layout-constrained\">\n<h2 class=\"wp-block-heading\">Pourquoi nous choisir ?<\/h2>\n\n\n\n<p>Choisir HelvetControl, c\u2019est opter pour une approche <strong>humaine et personnalis\u00e9e<\/strong> : nous prenons le temps de comprendre vos besoins et de vous proposer des solutions adapt\u00e9es, car pour nous, chaque client est bien plus qu\u2019un simple num\u00e9ro de dossier.<\/p>\n\n\n\n<p>Nous mettons \u00e9galement un point d\u2019honneur \u00e0 allier r\u00e9activit\u00e9 et qualit\u00e9. Chaque contr\u00f4le OIBT est effectu\u00e9 avec pr\u00e9cision et dans des d\u00e9lais rapides, afin de vous garantir une exp\u00e9rience fluide et efficace. Enfin, notre accompagnement humain vous assure un suivi clair, des conseils d\u2019experts et une r\u00e9elle disponibilit\u00e9, m\u00eame apr\u00e8s l\u2019intervention.<\/p>\n<\/div><\/div>\n<\/div><\/div>\n\n\n\n<div class=\"wp-block-group delimitation-block reveal\"><div class=\"wp-block-group__inner-container is-layout-constrained wp-block-group-is-layout-constrained\"><\/div><\/div>\n\n\n\n<div class=\"wp-block-group about__item reveal\"><div class=\"wp-block-group__inner-container is-layout-constrained wp-block-group-is-layout-constrained\">\n<div class=\"wp-block-group about__content\"><div class=\"wp-block-group__inner-container is-layout-constrained wp-block-group-is-layout-constrained\">\n<h2 class=\"wp-block-heading\">Nos services en Suisse Romande<\/h2>\n\n\n\n<p>Bas\u00e9s en Suisse Romande, nous intervenons dans toute la r\u00e9gion pour r\u00e9aliser chaque contr\u00f4le OIBT et inspections \u00e9lectriques. Que vous soyez un particulier, une entreprise ou un propri\u00e9taire, nous adaptons nos prestations \u00e0 vos besoins. Notre objectif est de vous offrir un service de proximit\u00e9, r\u00e9actif et accessible.<\/p>\n\n\n\n<p>N\u2019h\u00e9sitez pas \u00e0 nous contacter gratuitement : notre \u00e9quipe est toujours disponible pour planifier votre prochain contr\u00f4le et r\u00e9pondre \u00e0 vos questions avec professionnalisme et transparence.<\/p>\n\n\n\n<div class=\"wp-block-group about__cta\"><div class=\"wp-block-group__inner-container is-layout-constrained wp-block-group-is-layout-constrained\">\n<div class=\"wp-block-buttons is-layout-flex wp-block-buttons-is-layout-flex\">\n<div class=\"wp-block-button btn\"><a class=\"wp-block-button__link wp-element-button\" href=\"http:\/\/helvetcontrol.ch\/en\/nos-prestations\/\">D\u00e9couvrez Nos prestations<\/a><\/div>\n\n\n\n<div class=\"wp-block-button btn invert\"><a class=\"wp-block-button__link wp-element-button\" href=\"http:\/\/helvetcontrol.ch\/en\/contact\/\">Contact Us<\/a><\/div>\n<\/div>\n<\/div><\/div>\n<\/div><\/div>\n\n\n\n<div class=\"wp-block-group about__img\"><div class=\"wp-block-group__inner-container is-layout-constrained wp-block-group-is-layout-constrained\">\n<figure class=\"wp-block-image size-large\"><img loading=\"lazy\" decoding=\"async\" width=\"1024\" height=\"576\" src=\"http:\/\/helvetcontrol.ch\/wp-content\/uploads\/2025\/12\/helvetcontrolsa-img-1024x576.webp\" alt=\"Helvetcontrol back sweater with logo\" class=\"wp-image-47\" srcset=\"https:\/\/helvetcontrol.ch\/wp-content\/uploads\/2025\/12\/helvetcontrolsa-img-1024x576.webp 1024w, https:\/\/helvetcontrol.ch\/wp-content\/uploads\/2025\/12\/helvetcontrolsa-img-300x169.webp 300w, https:\/\/helvetcontrol.ch\/wp-content\/uploads\/2025\/12\/helvetcontrolsa-img-768x432.webp 768w, https:\/\/helvetcontrol.ch\/wp-content\/uploads\/2025\/12\/helvetcontrolsa-img-1536x864.webp 1536w, https:\/\/helvetcontrol.ch\/wp-content\/uploads\/2025\/12\/helvetcontrolsa-img-2048x1152.webp 2048w\" sizes=\"auto, (max-width: 1024px) 100vw, 1024px\" \/><\/figure>\n<\/div><\/div>\n<\/div><\/div>\n<\/div><\/div>\n<\/div><\/section>","protected":false},"excerpt":{"rendered":"<p>En savoir plus \u00e0 propos de nous et de nos contr\u00f4les OIBT Qui sommes-nous ? Helvetcontrol SA, c\u2019est avant tout une \u00e9quipe passionn\u00e9e, anim\u00e9e par l\u2019envie de faire la diff\u00e9rence dans le domaine \u00e9lectrique et du contr\u00f4le OIBT. Forts de plus de 13 ans d\u2019exp\u00e9rience combin\u00e9e, nous avons b\u00e2ti notre entreprise sur trois piliers essentiels [&hellip;]<\/p>\n","protected":false},"author":1,"featured_media":0,"parent":0,"menu_order":0,"comment_status":"closed","ping_status":"closed","template":"","meta":{"footnotes":""},"class_list":["post-13","page","type-page","status-publish","hentry"],"yoast_head":"<!-- This site is optimized with the Yoast SEO plugin v27.2 - https:\/\/yoast.com\/product\/yoast-seo-wordpress\/ -->\n<title>Contr\u00f4le OIBT \u00e0 Gen\u00e8ve &amp; Suisse Romande | \u00c0 propos | Helvetcontrol SA<\/title>\n<meta name=\"description\" content=\"Avec 13 ans d&#039;exp\u00e9rience, nous offrons un Contr\u00f4le OIBT \u00e0 Gen\u00e8ve, Vaud, etc. sur mesure pour garantir votre s\u00e9curit\u00e9 &amp; votre s\u00e9r\u00e9nit\u00e9.\" \/>\n<meta name=\"robots\" content=\"index, follow, max-snippet:-1, max-image-preview:large, max-video-preview:-1\" \/>\n<link rel=\"canonical\" href=\"https:\/\/helvetcontrol.ch\/en\/a-propos\/\" \/>\n<meta property=\"og:locale\" content=\"en_US\" \/>\n<meta property=\"og:type\" content=\"article\" \/>\n<meta property=\"og:title\" content=\"Contr\u00f4le OIBT \u00e0 Gen\u00e8ve &amp; Suisse Romande | \u00c0 propos | Helvetcontrol SA\" \/>\n<meta property=\"og:description\" content=\"Avec 13 ans d&#039;exp\u00e9rience, nous offrons un Contr\u00f4le OIBT \u00e0 Gen\u00e8ve, Vaud, etc. sur mesure pour garantir votre s\u00e9curit\u00e9 &amp; votre s\u00e9r\u00e9nit\u00e9.\" \/>\n<meta property=\"og:url\" content=\"https:\/\/helvetcontrol.ch\/en\/a-propos\/\" \/>\n<meta property=\"og:site_name\" content=\"Helvetcontrol SA\" \/>\n<meta property=\"article:modified_time\" content=\"2026-03-03T01:35:53+00:00\" \/>\n<meta property=\"og:image\" content=\"http:\/\/helvetcontrol.ch\/wp-content\/uploads\/2025\/12\/helvetcontrolsa-img-1024x576.webp\" \/>\n<meta name=\"twitter:card\" content=\"summary_large_image\" \/>\n<meta name=\"twitter:label1\" content=\"Est. reading time\" \/>\n\t<meta name=\"twitter:data1\" content=\"4 minutes\" \/>\n<script type=\"application\/ld+json\" class=\"yoast-schema-graph\">{\"@context\":\"https:\/\/schema.org\",\"@graph\":[{\"@type\":\"WebPage\",\"@id\":\"https:\/\/helvetcontrol.ch\/a-propos\/\",\"url\":\"https:\/\/helvetcontrol.ch\/a-propos\/\",\"name\":\"Contr\u00f4le OIBT \u00e0 Gen\u00e8ve & Suisse Romande | \u00c0 propos | Helvetcontrol SA\",\"isPartOf\":{\"@id\":\"https:\/\/helvetcontrol.ch\/#website\"},\"primaryImageOfPage\":{\"@id\":\"https:\/\/helvetcontrol.ch\/a-propos\/#primaryimage\"},\"image\":{\"@id\":\"https:\/\/helvetcontrol.ch\/a-propos\/#primaryimage\"},\"thumbnailUrl\":\"http:\/\/helvetcontrol.ch\/wp-content\/uploads\/2025\/12\/helvetcontrolsa-img-1024x576.webp\",\"datePublished\":\"2025-12-20T01:14:50+00:00\",\"dateModified\":\"2026-03-03T01:35:53+00:00\",\"description\":\"Avec 13 ans d'exp\u00e9rience, nous offrons un Contr\u00f4le OIBT \u00e0 Gen\u00e8ve, Vaud, etc. sur mesure pour garantir votre s\u00e9curit\u00e9 & votre s\u00e9r\u00e9nit\u00e9.\",\"breadcrumb\":{\"@id\":\"https:\/\/helvetcontrol.ch\/a-propos\/#breadcrumb\"},\"inLanguage\":\"en-US\",\"potentialAction\":[{\"@type\":\"ReadAction\",\"target\":[\"https:\/\/helvetcontrol.ch\/a-propos\/\"]}]},{\"@type\":\"ImageObject\",\"inLanguage\":\"en-US\",\"@id\":\"https:\/\/helvetcontrol.ch\/a-propos\/#primaryimage\",\"url\":\"http:\/\/helvetcontrol.ch\/wp-content\/uploads\/2025\/12\/helvetcontrolsa-img-1024x576.webp\",\"contentUrl\":\"http:\/\/helvetcontrol.ch\/wp-content\/uploads\/2025\/12\/helvetcontrolsa-img-1024x576.webp\"},{\"@type\":\"BreadcrumbList\",\"@id\":\"https:\/\/helvetcontrol.ch\/a-propos\/#breadcrumb\",\"itemListElement\":[{\"@type\":\"ListItem\",\"position\":1,\"name\":\"Accueil\",\"item\":\"https:\/\/helvetcontrol.ch\/\"},{\"@type\":\"ListItem\",\"position\":2,\"name\":\"\u00c0 propos\"}]},{\"@type\":\"WebSite\",\"@id\":\"https:\/\/helvetcontrol.ch\/#website\",\"url\":\"https:\/\/helvetcontrol.ch\/\",\"name\":\"HelvetControl SA\",\"description\":\"L&#039;essentiel pour votre s\u00e9curit\u00e9\",\"publisher\":{\"@id\":\"https:\/\/helvetcontrol.ch\/#organization\"},\"potentialAction\":[{\"@type\":\"SearchAction\",\"target\":{\"@type\":\"EntryPoint\",\"urlTemplate\":\"https:\/\/helvetcontrol.ch\/?s={search_term_string}\"},\"query-input\":{\"@type\":\"PropertyValueSpecification\",\"valueRequired\":true,\"valueName\":\"search_term_string\"}}],\"inLanguage\":\"en-US\"},{\"@type\":\"Organization\",\"@id\":\"https:\/\/helvetcontrol.ch\/#organization\",\"name\":\"Helvetcontrol SA\",\"alternateName\":\"Helvetcontrol\",\"url\":\"https:\/\/helvetcontrol.ch\/\",\"logo\":{\"@type\":\"ImageObject\",\"inLanguage\":\"en-US\",\"@id\":\"https:\/\/helvetcontrol.ch\/#\/schema\/logo\/image\/\",\"url\":\"http:\/\/helvetcontrol.ch\/wp-content\/uploads\/2025\/12\/logo-full-helvetcontrolsa.svg\",\"contentUrl\":\"http:\/\/helvetcontrol.ch\/wp-content\/uploads\/2025\/12\/logo-full-helvetcontrolsa.svg\",\"width\":281,\"height\":36,\"caption\":\"Helvetcontrol SA\"},\"image\":{\"@id\":\"https:\/\/helvetcontrol.ch\/#\/schema\/logo\/image\/\"},\"sameAs\":[\"https:\/\/www.instagram.com\/helvetcontrol\/\",\"https:\/\/www.linkedin.com\/company\/helvetcontrol\/\"]}]}<\/script>\n<!-- \/ Yoast SEO plugin. -->","yoast_head_json":{"title":"Contr\u00f4le OIBT \u00e0 Gen\u00e8ve & Suisse Romande | \u00c0 propos | Helvetcontrol SA","description":"Avec 13 ans d'exp\u00e9rience, nous offrons un Contr\u00f4le OIBT \u00e0 Gen\u00e8ve, Vaud, etc. sur mesure pour garantir votre s\u00e9curit\u00e9 & votre s\u00e9r\u00e9nit\u00e9.","robots":{"index":"index","follow":"follow","max-snippet":"max-snippet:-1","max-image-preview":"max-image-preview:large","max-video-preview":"max-video-preview:-1"},"canonical":"https:\/\/helvetcontrol.ch\/en\/a-propos\/","og_locale":"en_US","og_type":"article","og_title":"Contr\u00f4le OIBT \u00e0 Gen\u00e8ve & Suisse Romande | \u00c0 propos | Helvetcontrol SA","og_description":"Avec 13 ans d'exp\u00e9rience, nous offrons un Contr\u00f4le OIBT \u00e0 Gen\u00e8ve, Vaud, etc. sur mesure pour garantir votre s\u00e9curit\u00e9 & votre s\u00e9r\u00e9nit\u00e9.","og_url":"https:\/\/helvetcontrol.ch\/en\/a-propos\/","og_site_name":"Helvetcontrol SA","article_modified_time":"2026-03-03T01:35:53+00:00","og_image":[{"url":"http:\/\/helvetcontrol.ch\/wp-content\/uploads\/2025\/12\/helvetcontrolsa-img-1024x576.webp","type":"","width":"","height":""}],"twitter_card":"summary_large_image","twitter_misc":{"Est. reading time":"4 minutes"},"schema":{"@context":"https:\/\/schema.org","@graph":[{"@type":"WebPage","@id":"https:\/\/helvetcontrol.ch\/a-propos\/","url":"https:\/\/helvetcontrol.ch\/a-propos\/","name":"Contr\u00f4le OIBT \u00e0 Gen\u00e8ve & Suisse Romande | \u00c0 propos | Helvetcontrol SA","isPartOf":{"@id":"https:\/\/helvetcontrol.ch\/#website"},"primaryImageOfPage":{"@id":"https:\/\/helvetcontrol.ch\/a-propos\/#primaryimage"},"image":{"@id":"https:\/\/helvetcontrol.ch\/a-propos\/#primaryimage"},"thumbnailUrl":"http:\/\/helvetcontrol.ch\/wp-content\/uploads\/2025\/12\/helvetcontrolsa-img-1024x576.webp","datePublished":"2025-12-20T01:14:50+00:00","dateModified":"2026-03-03T01:35:53+00:00","description":"Avec 13 ans d'exp\u00e9rience, nous offrons un Contr\u00f4le OIBT \u00e0 Gen\u00e8ve, Vaud, etc. sur mesure pour garantir votre s\u00e9curit\u00e9 & votre s\u00e9r\u00e9nit\u00e9.","breadcrumb":{"@id":"https:\/\/helvetcontrol.ch\/a-propos\/#breadcrumb"},"inLanguage":"en-US","potentialAction":[{"@type":"ReadAction","target":["https:\/\/helvetcontrol.ch\/a-propos\/"]}]},{"@type":"ImageObject","inLanguage":"en-US","@id":"https:\/\/helvetcontrol.ch\/a-propos\/#primaryimage","url":"http:\/\/helvetcontrol.ch\/wp-content\/uploads\/2025\/12\/helvetcontrolsa-img-1024x576.webp","contentUrl":"http:\/\/helvetcontrol.ch\/wp-content\/uploads\/2025\/12\/helvetcontrolsa-img-1024x576.webp"},{"@type":"BreadcrumbList","@id":"https:\/\/helvetcontrol.ch\/a-propos\/#breadcrumb","itemListElement":[{"@type":"ListItem","position":1,"name":"Accueil","item":"https:\/\/helvetcontrol.ch\/"},{"@type":"ListItem","position":2,"name":"\u00c0 propos"}]},{"@type":"WebSite","@id":"https:\/\/helvetcontrol.ch\/#website","url":"https:\/\/helvetcontrol.ch\/","name":"Helvetcontrol LTD","description":"Essential for your safety","publisher":{"@id":"https:\/\/helvetcontrol.ch\/#organization"},"potentialAction":[{"@type":"SearchAction","target":{"@type":"EntryPoint","urlTemplate":"https:\/\/helvetcontrol.ch\/?s={search_term_string}"},"query-input":{"@type":"PropertyValueSpecification","valueRequired":true,"valueName":"search_term_string"}}],"inLanguage":"en-US"},{"@type":"Organization","@id":"https:\/\/helvetcontrol.ch\/#organization","name":"Helvetcontrol SA","alternateName":"Helvetcontrol","url":"https:\/\/helvetcontrol.ch\/","logo":{"@type":"ImageObject","inLanguage":"en-US","@id":"https:\/\/helvetcontrol.ch\/#\/schema\/logo\/image\/","url":"http:\/\/helvetcontrol.ch\/wp-content\/uploads\/2025\/12\/logo-full-helvetcontrolsa.svg","contentUrl":"http:\/\/helvetcontrol.ch\/wp-content\/uploads\/2025\/12\/logo-full-helvetcontrolsa.svg","width":281,"height":36,"caption":"Helvetcontrol SA"},"image":{"@id":"https:\/\/helvetcontrol.ch\/#\/schema\/logo\/image\/"},"sameAs":["https:\/\/www.instagram.com\/helvetcontrol\/","https:\/\/www.linkedin.com\/company\/helvetcontrol\/"]}]}},"_links":{"self":[{"href":"https:\/\/helvetcontrol.ch\/en\/wp-json\/wp\/v2\/pages\/13","targetHints":{"allow":["GET"]}}],"collection":[{"href":"https:\/\/helvetcontrol.ch\/en\/wp-json\/wp\/v2\/pages"}],"about":[{"href":"https:\/\/helvetcontrol.ch\/en\/wp-json\/wp\/v2\/types\/page"}],"author":[{"embeddable":true,"href":"https:\/\/helvetcontrol.ch\/en\/wp-json\/wp\/v2\/users\/1"}],"replies":[{"embeddable":true,"href":"https:\/\/helvetcontrol.ch\/en\/wp-json\/wp\/v2\/comments?post=13"}],"version-history":[{"count":7,"href":"https:\/\/helvetcontrol.ch\/en\/wp-json\/wp\/v2\/pages\/13\/revisions"}],"predecessor-version":[{"id":182,"href":"https:\/\/helvetcontrol.ch\/en\/wp-json\/wp\/v2\/pages\/13\/revisions\/182"}],"wp:attachment":[{"href":"https:\/\/helvetcontrol.ch\/en\/wp-json\/wp\/v2\/media?parent=13"}],"curies":[{"name":"wp","href":"https:\/\/api.w.org\/{rel}","templated":true}]}}