{"id":15,"date":"2025-12-20T01:15:03","date_gmt":"2025-12-20T01:15:03","guid":{"rendered":"http:\/\/helvetcontrol.ch\/?page_id=15"},"modified":"2026-03-03T01:56:11","modified_gmt":"2026-03-03T01:56:11","slug":"equipe","status":"publish","type":"page","link":"https:\/\/helvetcontrol.ch\/en\/equipe\/","title":{"rendered":"L&rsquo;\u00e9quipe"},"content":{"rendered":"\n<section class=\"wp-block-group team\"><div class=\"wp-block-group__inner-container is-layout-constrained wp-block-group-is-layout-constrained\">\n<div class=\"wp-block-group wrapper\"><div class=\"wp-block-group__inner-container is-layout-constrained wp-block-group-is-layout-constrained\">\n<div class=\"wp-block-group subtitle\"><div class=\"wp-block-group__inner-container is-layout-constrained wp-block-group-is-layout-constrained\">\n<h2 class=\"wp-block-heading  reveal\">L\u2019humain au c\u0153ur du contr\u00f4le<\/h2>\n\n\n\n<p class=\"gray reveal\">[D\u00e9couvrez les membres de notre \u00e9quipe]<\/p>\n<\/div><\/div>\n<\/div><\/div>\n\n\n\n<div class=\"wp-block-group team__list\"><div class=\"wp-block-group__inner-container is-layout-constrained wp-block-group-is-layout-constrained\">\n<div class=\"wp-block-group team__item reveal\"><div class=\"wp-block-group__inner-container is-layout-constrained wp-block-group-is-layout-constrained\">\n<figure class=\"wp-block-image size-full\"><img loading=\"lazy\" decoding=\"async\" width=\"400\" height=\"400\" src=\"http:\/\/helvetcontrol.ch\/wp-content\/uploads\/2025\/12\/robiel-ghebreegziabiheir.webp\" alt=\"Robiel Ghebreegziabiheir founder of Contr\u00f4les OIBT Helvetcontrol image\" class=\"wp-image-60\" srcset=\"https:\/\/helvetcontrol.ch\/wp-content\/uploads\/2025\/12\/robiel-ghebreegziabiheir.webp 400w, https:\/\/helvetcontrol.ch\/wp-content\/uploads\/2025\/12\/robiel-ghebreegziabiheir-300x300.webp 300w, https:\/\/helvetcontrol.ch\/wp-content\/uploads\/2025\/12\/robiel-ghebreegziabiheir-150x150.webp 150w\" sizes=\"auto, (max-width: 400px) 100vw, 400px\" \/><\/figure>\n\n\n\n<div class=\"wp-block-group team__person\"><div class=\"wp-block-group__inner-container is-layout-constrained wp-block-group-is-layout-constrained\">\n<h3 class=\"wp-block-heading\">Robiel Ghebreegziabiheir<\/h3>\n\n\n\n<p class=\"gray\">Fondateur de Helvetcontrol<\/p>\n\n\n\n<div class=\"wp-block-buttons is-layout-flex wp-block-buttons-is-layout-flex\">\n<div class=\"wp-block-button btn invert\"><a class=\"wp-block-button__link wp-element-button\" href=\"https:\/\/www.linkedin.com\/in\/robiel-g-373157174\/\" target=\"_blank\" rel=\"noreferrer noopener\">LinkedIn<\/a><\/div>\n<\/div>\n<\/div><\/div>\n<\/div><\/div>\n\n\n\n<div class=\"wp-block-group delimitation-block mobile-only reveal\"><div class=\"wp-block-group__inner-container is-layout-constrained wp-block-group-is-layout-constrained\"><\/div><\/div>\n\n\n\n<div class=\"wp-block-group team__item reveal\"><div class=\"wp-block-group__inner-container is-layout-constrained wp-block-group-is-layout-constrained\">\n<figure class=\"wp-block-image size-full\"><img loading=\"lazy\" decoding=\"async\" width=\"400\" height=\"400\" src=\"http:\/\/helvetcontrol.ch\/wp-content\/uploads\/2025\/12\/ridha-duc.webp\" alt=\"Ridha Duc founder of Contr\u00f4les OIBT Helvetcontrol image\" class=\"wp-image-59\" srcset=\"https:\/\/helvetcontrol.ch\/wp-content\/uploads\/2025\/12\/ridha-duc.webp 400w, https:\/\/helvetcontrol.ch\/wp-content\/uploads\/2025\/12\/ridha-duc-300x300.webp 300w, https:\/\/helvetcontrol.ch\/wp-content\/uploads\/2025\/12\/ridha-duc-150x150.webp 150w\" sizes=\"auto, (max-width: 400px) 100vw, 400px\" \/><\/figure>\n\n\n\n<div class=\"wp-block-group team__person\"><div class=\"wp-block-group__inner-container is-layout-constrained wp-block-group-is-layout-constrained\">\n<h3 class=\"wp-block-heading\">Ridha Duc<\/h3>\n\n\n\n<p class=\"gray\">Fondateur de Helvetcontrol<\/p>\n\n\n\n<div class=\"wp-block-buttons is-layout-flex wp-block-buttons-is-layout-flex\">\n<div class=\"wp-block-button btn invert\"><a class=\"wp-block-button__link wp-element-button\" href=\"https:\/\/www.linkedin.com\/in\/ridha-duc-2565961b5\/\" target=\"_blank\" rel=\"noreferrer noopener\">LinkedIn<\/a><\/div>\n<\/div>\n<\/div><\/div>\n<\/div><\/div>\n<\/div><\/div>\n<\/div><\/section>\n\n\n\n<div class=\"wp-block-group\"><div class=\"wp-block-group__inner-container is-layout-constrained wp-block-group-is-layout-constrained\">\n<p>Helvetcontrol est compos\u00e9 d&rsquo;une \u00e9quipe d&rsquo;experts dans le domaine du contr\u00f4le OIBT depuis plus de 13 ans. Si vous avez des questions qui vous trottent dans la t\u00eate n&rsquo;h\u00e9sitez pas \u00e0 nous contacter afin d&rsquo;\u00e9claircir vos demandes. <\/p>\n\n\n\n<div class=\"wp-block-buttons is-layout-flex wp-block-buttons-is-layout-flex\">\n<div class=\"wp-block-button btn invert\"><a class=\"wp-block-button__link wp-element-button\" href=\"https:\/\/helvetcontrol.ch\/contact\/\">Contactez-nous<\/a><\/div>\n<\/div>\n<\/div><\/div>\n","protected":false},"excerpt":{"rendered":"<p>L\u2019humain au c\u0153ur du contr\u00f4le [D\u00e9couvrez les membres de notre \u00e9quipe] Robiel Ghebreegziabiheir Fondateur de Helvetcontrol Ridha Duc Fondateur de Helvetcontrol Helvetcontrol est compos\u00e9 d&rsquo;une \u00e9quipe d&rsquo;experts dans le domaine du contr\u00f4le OIBT depuis plus de 13 ans. Si vous avez des questions qui vous trottent dans la t\u00eate n&rsquo;h\u00e9sitez pas \u00e0 nous contacter afin [&hellip;]<\/p>\n","protected":false},"author":1,"featured_media":0,"parent":0,"menu_order":0,"comment_status":"closed","ping_status":"closed","template":"","meta":{"footnotes":""},"class_list":["post-15","page","type-page","status-publish","hentry"],"yoast_head":"<!-- This site is optimized with the Yoast SEO plugin v27.2 - https:\/\/yoast.com\/product\/yoast-seo-wordpress\/ -->\n<title>Contr\u00f4les OIBT \u00e0 Gen\u00e8ve &amp; Suisse Romande | L&#039;\u00e9quipe | Helvetcontrol SA<\/title>\n<meta name=\"description\" content=\"D\u00e9couvrez les principaux fondateurs de Helvetcontrol et entrez en contact directement avec eux pour la s\u00e9curit\u00e9 de vos infrastructures.\" \/>\n<meta name=\"robots\" content=\"index, follow, max-snippet:-1, max-image-preview:large, max-video-preview:-1\" \/>\n<link rel=\"canonical\" href=\"https:\/\/helvetcontrol.ch\/en\/equipe\/\" \/>\n<meta property=\"og:locale\" content=\"en_US\" \/>\n<meta property=\"og:type\" content=\"article\" \/>\n<meta property=\"og:title\" content=\"Contr\u00f4les OIBT \u00e0 Gen\u00e8ve &amp; Suisse Romande | L&#039;\u00e9quipe | Helvetcontrol SA\" \/>\n<meta property=\"og:description\" content=\"D\u00e9couvrez les principaux fondateurs de Helvetcontrol et entrez en contact directement avec eux pour la s\u00e9curit\u00e9 de vos infrastructures.\" \/>\n<meta property=\"og:url\" content=\"https:\/\/helvetcontrol.ch\/en\/equipe\/\" \/>\n<meta property=\"og:site_name\" content=\"Helvetcontrol SA\" \/>\n<meta property=\"article:modified_time\" content=\"2026-03-03T01:56:11+00:00\" \/>\n<meta property=\"og:image\" content=\"http:\/\/helvetcontrol.ch\/wp-content\/uploads\/2025\/12\/robiel-ghebreegziabiheir.webp\" \/>\n<meta name=\"twitter:card\" content=\"summary_large_image\" \/>\n<meta name=\"twitter:label1\" content=\"Est. reading time\" \/>\n\t<meta name=\"twitter:data1\" content=\"1 minute\" \/>\n<script type=\"application\/ld+json\" class=\"yoast-schema-graph\">{\"@context\":\"https:\/\/schema.org\",\"@graph\":[{\"@type\":\"WebPage\",\"@id\":\"https:\/\/helvetcontrol.ch\/equipe\/\",\"url\":\"https:\/\/helvetcontrol.ch\/equipe\/\",\"name\":\"Contr\u00f4les OIBT \u00e0 Gen\u00e8ve & Suisse Romande | L'\u00e9quipe | Helvetcontrol SA\",\"isPartOf\":{\"@id\":\"https:\/\/helvetcontrol.ch\/#website\"},\"primaryImageOfPage\":{\"@id\":\"https:\/\/helvetcontrol.ch\/equipe\/#primaryimage\"},\"image\":{\"@id\":\"https:\/\/helvetcontrol.ch\/equipe\/#primaryimage\"},\"thumbnailUrl\":\"http:\/\/helvetcontrol.ch\/wp-content\/uploads\/2025\/12\/robiel-ghebreegziabiheir.webp\",\"datePublished\":\"2025-12-20T01:15:03+00:00\",\"dateModified\":\"2026-03-03T01:56:11+00:00\",\"description\":\"D\u00e9couvrez les principaux fondateurs de Helvetcontrol et entrez en contact directement avec eux pour la s\u00e9curit\u00e9 de vos infrastructures.\",\"breadcrumb\":{\"@id\":\"https:\/\/helvetcontrol.ch\/equipe\/#breadcrumb\"},\"inLanguage\":\"en-US\",\"potentialAction\":[{\"@type\":\"ReadAction\",\"target\":[\"https:\/\/helvetcontrol.ch\/equipe\/\"]}]},{\"@type\":\"ImageObject\",\"inLanguage\":\"en-US\",\"@id\":\"https:\/\/helvetcontrol.ch\/equipe\/#primaryimage\",\"url\":\"http:\/\/helvetcontrol.ch\/wp-content\/uploads\/2025\/12\/robiel-ghebreegziabiheir.webp\",\"contentUrl\":\"http:\/\/helvetcontrol.ch\/wp-content\/uploads\/2025\/12\/robiel-ghebreegziabiheir.webp\"},{\"@type\":\"BreadcrumbList\",\"@id\":\"https:\/\/helvetcontrol.ch\/equipe\/#breadcrumb\",\"itemListElement\":[{\"@type\":\"ListItem\",\"position\":1,\"name\":\"Accueil\",\"item\":\"https:\/\/helvetcontrol.ch\/\"},{\"@type\":\"ListItem\",\"position\":2,\"name\":\"L&rsquo;\u00e9quipe\"}]},{\"@type\":\"WebSite\",\"@id\":\"https:\/\/helvetcontrol.ch\/#website\",\"url\":\"https:\/\/helvetcontrol.ch\/\",\"name\":\"HelvetControl SA\",\"description\":\"L&#039;essentiel pour votre s\u00e9curit\u00e9\",\"publisher\":{\"@id\":\"https:\/\/helvetcontrol.ch\/#organization\"},\"potentialAction\":[{\"@type\":\"SearchAction\",\"target\":{\"@type\":\"EntryPoint\",\"urlTemplate\":\"https:\/\/helvetcontrol.ch\/?s={search_term_string}\"},\"query-input\":{\"@type\":\"PropertyValueSpecification\",\"valueRequired\":true,\"valueName\":\"search_term_string\"}}],\"inLanguage\":\"en-US\"},{\"@type\":\"Organization\",\"@id\":\"https:\/\/helvetcontrol.ch\/#organization\",\"name\":\"Helvetcontrol SA\",\"alternateName\":\"Helvetcontrol\",\"url\":\"https:\/\/helvetcontrol.ch\/\",\"logo\":{\"@type\":\"ImageObject\",\"inLanguage\":\"en-US\",\"@id\":\"https:\/\/helvetcontrol.ch\/#\/schema\/logo\/image\/\",\"url\":\"http:\/\/helvetcontrol.ch\/wp-content\/uploads\/2025\/12\/logo-full-helvetcontrolsa.svg\",\"contentUrl\":\"http:\/\/helvetcontrol.ch\/wp-content\/uploads\/2025\/12\/logo-full-helvetcontrolsa.svg\",\"width\":281,\"height\":36,\"caption\":\"Helvetcontrol SA\"},\"image\":{\"@id\":\"https:\/\/helvetcontrol.ch\/#\/schema\/logo\/image\/\"},\"sameAs\":[\"https:\/\/www.instagram.com\/helvetcontrol\/\",\"https:\/\/www.linkedin.com\/company\/helvetcontrol\/\"]}]}<\/script>\n<!-- \/ Yoast SEO plugin. -->","yoast_head_json":{"title":"Contr\u00f4les OIBT \u00e0 Gen\u00e8ve & Suisse Romande | L'\u00e9quipe | Helvetcontrol SA","description":"D\u00e9couvrez les principaux fondateurs de Helvetcontrol et entrez en contact directement avec eux pour la s\u00e9curit\u00e9 de vos infrastructures.","robots":{"index":"index","follow":"follow","max-snippet":"max-snippet:-1","max-image-preview":"max-image-preview:large","max-video-preview":"max-video-preview:-1"},"canonical":"https:\/\/helvetcontrol.ch\/en\/equipe\/","og_locale":"en_US","og_type":"article","og_title":"Contr\u00f4les OIBT \u00e0 Gen\u00e8ve & Suisse Romande | L'\u00e9quipe | Helvetcontrol SA","og_description":"D\u00e9couvrez les principaux fondateurs de Helvetcontrol et entrez en contact directement avec eux pour la s\u00e9curit\u00e9 de vos infrastructures.","og_url":"https:\/\/helvetcontrol.ch\/en\/equipe\/","og_site_name":"Helvetcontrol SA","article_modified_time":"2026-03-03T01:56:11+00:00","og_image":[{"url":"http:\/\/helvetcontrol.ch\/wp-content\/uploads\/2025\/12\/robiel-ghebreegziabiheir.webp","type":"","width":"","height":""}],"twitter_card":"summary_large_image","twitter_misc":{"Est. reading time":"1 minute"},"schema":{"@context":"https:\/\/schema.org","@graph":[{"@type":"WebPage","@id":"https:\/\/helvetcontrol.ch\/equipe\/","url":"https:\/\/helvetcontrol.ch\/equipe\/","name":"Contr\u00f4les OIBT \u00e0 Gen\u00e8ve & Suisse Romande | L'\u00e9quipe | Helvetcontrol SA","isPartOf":{"@id":"https:\/\/helvetcontrol.ch\/#website"},"primaryImageOfPage":{"@id":"https:\/\/helvetcontrol.ch\/equipe\/#primaryimage"},"image":{"@id":"https:\/\/helvetcontrol.ch\/equipe\/#primaryimage"},"thumbnailUrl":"http:\/\/helvetcontrol.ch\/wp-content\/uploads\/2025\/12\/robiel-ghebreegziabiheir.webp","datePublished":"2025-12-20T01:15:03+00:00","dateModified":"2026-03-03T01:56:11+00:00","description":"D\u00e9couvrez les principaux fondateurs de Helvetcontrol et entrez en contact directement avec eux pour la s\u00e9curit\u00e9 de vos infrastructures.","breadcrumb":{"@id":"https:\/\/helvetcontrol.ch\/equipe\/#breadcrumb"},"inLanguage":"en-US","potentialAction":[{"@type":"ReadAction","target":["https:\/\/helvetcontrol.ch\/equipe\/"]}]},{"@type":"ImageObject","inLanguage":"en-US","@id":"https:\/\/helvetcontrol.ch\/equipe\/#primaryimage","url":"http:\/\/helvetcontrol.ch\/wp-content\/uploads\/2025\/12\/robiel-ghebreegziabiheir.webp","contentUrl":"http:\/\/helvetcontrol.ch\/wp-content\/uploads\/2025\/12\/robiel-ghebreegziabiheir.webp"},{"@type":"BreadcrumbList","@id":"https:\/\/helvetcontrol.ch\/equipe\/#breadcrumb","itemListElement":[{"@type":"ListItem","position":1,"name":"Accueil","item":"https:\/\/helvetcontrol.ch\/"},{"@type":"ListItem","position":2,"name":"L&rsquo;\u00e9quipe"}]},{"@type":"WebSite","@id":"https:\/\/helvetcontrol.ch\/#website","url":"https:\/\/helvetcontrol.ch\/","name":"Helvetcontrol LTD","description":"Essential for your safety","publisher":{"@id":"https:\/\/helvetcontrol.ch\/#organization"},"potentialAction":[{"@type":"SearchAction","target":{"@type":"EntryPoint","urlTemplate":"https:\/\/helvetcontrol.ch\/?s={search_term_string}"},"query-input":{"@type":"PropertyValueSpecification","valueRequired":true,"valueName":"search_term_string"}}],"inLanguage":"en-US"},{"@type":"Organization","@id":"https:\/\/helvetcontrol.ch\/#organization","name":"Helvetcontrol SA","alternateName":"Helvetcontrol","url":"https:\/\/helvetcontrol.ch\/","logo":{"@type":"ImageObject","inLanguage":"en-US","@id":"https:\/\/helvetcontrol.ch\/#\/schema\/logo\/image\/","url":"http:\/\/helvetcontrol.ch\/wp-content\/uploads\/2025\/12\/logo-full-helvetcontrolsa.svg","contentUrl":"http:\/\/helvetcontrol.ch\/wp-content\/uploads\/2025\/12\/logo-full-helvetcontrolsa.svg","width":281,"height":36,"caption":"Helvetcontrol SA"},"image":{"@id":"https:\/\/helvetcontrol.ch\/#\/schema\/logo\/image\/"},"sameAs":["https:\/\/www.instagram.com\/helvetcontrol\/","https:\/\/www.linkedin.com\/company\/helvetcontrol\/"]}]}},"_links":{"self":[{"href":"https:\/\/helvetcontrol.ch\/en\/wp-json\/wp\/v2\/pages\/15","targetHints":{"allow":["GET"]}}],"collection":[{"href":"https:\/\/helvetcontrol.ch\/en\/wp-json\/wp\/v2\/pages"}],"about":[{"href":"https:\/\/helvetcontrol.ch\/en\/wp-json\/wp\/v2\/types\/page"}],"author":[{"embeddable":true,"href":"https:\/\/helvetcontrol.ch\/en\/wp-json\/wp\/v2\/users\/1"}],"replies":[{"embeddable":true,"href":"https:\/\/helvetcontrol.ch\/en\/wp-json\/wp\/v2\/comments?post=15"}],"version-history":[{"count":8,"href":"https:\/\/helvetcontrol.ch\/en\/wp-json\/wp\/v2\/pages\/15\/revisions"}],"predecessor-version":[{"id":187,"href":"https:\/\/helvetcontrol.ch\/en\/wp-json\/wp\/v2\/pages\/15\/revisions\/187"}],"wp:attachment":[{"href":"https:\/\/helvetcontrol.ch\/en\/wp-json\/wp\/v2\/media?parent=15"}],"curies":[{"name":"wp","href":"https:\/\/api.w.org\/{rel}","templated":true}]}}